{"id":2126,"date":"2025-02-28T09:09:30","date_gmt":"2025-02-28T08:09:30","guid":{"rendered":"https:\/\/www.cuttingedgeam.com\/politica-de-cookies\/"},"modified":"2025-08-14T16:37:41","modified_gmt":"2025-08-14T14:37:41","slug":"politica-de-cookies","status":"publish","type":"page","link":"https:\/\/www.cuttingedgeam.com\/es\/politica-de-cookies\/","title":{"rendered":"Pol\u00edtica de cookies"},"content":{"rendered":"\t\t<div data-elementor-type=\"wp-page\" data-elementor-id=\"2126\" class=\"elementor elementor-2126 elementor-632\" data-elementor-post-type=\"page\">\n\t\t\t\t<div class=\"elementor-element elementor-element-2fdb3de e-flex e-con-boxed e-con e-parent\" data-id=\"2fdb3de\" data-element_type=\"container\" data-settings=\"{&quot;background_background&quot;:&quot;classic&quot;,&quot;animation&quot;:&quot;none&quot;}\">\n\t\t\t\t\t<div class=\"e-con-inner\">\n\t\t\t\t<div class=\"elementor-element elementor-element-c14366f animate-header elementor-widget elementor-widget-heading\" data-id=\"c14366f\" data-element_type=\"widget\" data-widget_type=\"heading.default\">\n\t\t\t\t<div class=\"elementor-widget-container\">\n\t\t\t\t\t<h1 class=\"elementor-heading-title elementor-size-default\">Pol\u00edtica de cookies<\/h1>\t\t\t\t<\/div>\n\t\t\t\t<\/div>\n\t\t\t\t\t<\/div>\n\t\t\t\t<\/div>\n\t\t<div class=\"elementor-element elementor-element-8bd5c59 e-flex e-con-boxed e-con e-parent\" data-id=\"8bd5c59\" data-element_type=\"container\">\n\t\t\t\t\t<div class=\"e-con-inner\">\n\t\t\t\t<div class=\"elementor-element elementor-element-6770604 elementor-widget elementor-widget-text-editor\" data-id=\"6770604\" data-element_type=\"widget\" data-widget_type=\"text-editor.default\">\n\t\t\t\t<div class=\"elementor-widget-container\">\n\t\t\t\t\t\t\t\t\t<p>La presente Pol\u00edtica de cookies proporciona informaci\u00f3n a los usuarios sobre el uso de las cookies y\/o las tecnolog\u00edas de supervisi\u00f3n por parte del sitio web <a href=\"https:\/\/www.cuttingedgeam.com\">https:\/\/www.cuttingedgeam.com<\/a> (en adelante, el \u201c<strong>Sitio<\/strong>\u201d).<\/p><p>El Responsable del tratamiento de los datos personales recopilados mediante el Sitio es CUTTING EDGE AUTOMATION MACHINES S.p.A., con sede legal en Piazza Antonio Meucci, 1 \u2013 Loc. Montecastelli, 06019 Umbertide (PG), Italia (en adelante, \u201c<strong>CEAM<\/strong>\u201d). <\/p><p>CEAM procesar\u00e1 los datos personales de los usuarios de conformidad con la normativa vigente en materia de protecci\u00f3n de datos personales.<\/p>\t\t\t\t\t\t\t\t<\/div>\n\t\t\t\t<\/div>\n\t\t\t\t<div class=\"elementor-element elementor-element-48b96d6 elementor-widget elementor-widget-heading\" data-id=\"48b96d6\" data-element_type=\"widget\" data-widget_type=\"heading.default\">\n\t\t\t\t<div class=\"elementor-widget-container\">\n\t\t\t\t\t<h2 class=\"elementor-heading-title elementor-size-default\">\u00bfQu\u00e9 son las cookies?\n<\/h2>\t\t\t\t<\/div>\n\t\t\t\t<\/div>\n\t\t\t\t<div class=\"elementor-element elementor-element-aec4a55 elementor-widget elementor-widget-text-editor\" data-id=\"aec4a55\" data-element_type=\"widget\" data-widget_type=\"text-editor.default\">\n\t\t\t\t<div class=\"elementor-widget-container\">\n\t\t\t\t\t\t\t\t\t<p>Las cookies son peque\u00f1os archivos de texto que los sitios web env\u00edan a los dispositivos de los usuarios (por ejemplo, ordenadores, tabletas, smartphone), donde se almacenan para luego ser retransmitidos a los mismos sitios en visitas posteriores. Algunas cookies pueden requerir el consentimiento previo del usuario. <\/p><p>Las cookies permiten identificar el dispositivo en el que se han instalado durante todo el per\u00edodo de validez. Durante la navegaci\u00f3n por el Sitio, la informaci\u00f3n relativa a la navegaci\u00f3n del usuario puede almacenarse en las cookies. <\/p><p>Las cookies desempe\u00f1an diversas funciones y hacen que la navegaci\u00f3n por el Sitio sea m\u00e1s eficiente, ya que almacenan las preferencias del usuario y mejoran su experiencia. Tambi\u00e9n pueden contribuir a personalizar la publicidad mostrada y las actividades de marketing, para que sean coherentes con los intereses del usuario. <\/p><p>Los ajustes relativos a las cookies pueden ser modificadas en cualquier momento. A continuaci\u00f3n se proporciona m\u00e1s informaci\u00f3n sobre los tipos de cookies que utiliza el Sitio y sobre los modos para gestionar las respectivas preferencias. <\/p>\t\t\t\t\t\t\t\t<\/div>\n\t\t\t\t<\/div>\n\t\t\t\t\t<\/div>\n\t\t\t\t<\/div>\n\t\t<div class=\"elementor-element elementor-element-db2f131 e-flex e-con-boxed e-con e-parent\" data-id=\"db2f131\" data-element_type=\"container\">\n\t\t\t\t\t<div class=\"e-con-inner\">\n\t\t\t\t<div class=\"elementor-element elementor-element-45d6f81 elementor-widget elementor-widget-heading\" data-id=\"45d6f81\" data-element_type=\"widget\" data-widget_type=\"heading.default\">\n\t\t\t\t<div class=\"elementor-widget-container\">\n\t\t\t\t\t<h2 class=\"elementor-heading-title elementor-size-default\">Tipos de cookies\n<\/h2>\t\t\t\t<\/div>\n\t\t\t\t<\/div>\n\t\t\t\t<div class=\"elementor-element elementor-element-ce10f5f elementor-widget elementor-widget-text-editor\" data-id=\"ce10f5f\" data-element_type=\"widget\" data-widget_type=\"text-editor.default\">\n\t\t\t\t<div class=\"elementor-widget-container\">\n\t\t\t\t\t\t\t\t\t<p>Cuando el usuario accede al Sitio a trav\u00e9s de su navegador, se pueden instalar cookies en el dispositivo para permitir que el Sitio lo reconozca, garantizando un uso eficaz durante la duraci\u00f3n de la cookie y recopilando datos relacionados con los accesos.<\/p><p>Al navegar por el Sitio, el usuario tambi\u00e9n puede recibir cookies de otros sitios o servidores (los denominados \u00abterceros\u00bb), que pueden contener elementos (por ejemplo, im\u00e1genes, mapas, sonidos, enlaces a p\u00e1ginas de otros dominios). Seg\u00fan su procedencia, las cookies pueden ser: <\/p><ul><li><b>Cookies de origen,<\/b> enviadas directamente por CEAM al dispositivo del usuario<\/li><li><strong>Cookies de terceros:<\/strong> enviadas por terceros por cuenta de CEAM.<\/li><\/ul><p>Seg\u00fan su finalidad, las cookies se dividen en:<\/p><ul><li><strong>Cookies t\u00e9cnicas:<\/strong> no requieren el consentimiento del usuario y se utilizan exclusivamente para permitir la transmisi\u00f3n de datos de identificaci\u00f3n de sesi\u00f3n (por ejemplo, n\u00fameros generados por el servidor), necesarios para una navegaci\u00f3n segura y eficiente. Estas cookies no son persistentes y se eliminan al cerrar el navegador. <\/li><li><strong>Cookies anal\u00edticas<\/strong>: CEAM utiliza estas cookies para analizar de forma agregada el n\u00famero de usuarios y las modalidades de uso del Sitio. Si las cookies no permiten identificar al usuario, se equiparan a las cookies t\u00e9cnicas y no requieren consentimiento. Sin embargo, si pueden identificar al usuario, se requiere su consentimiento expl\u00edcito.  <\/li><li><strong>Cookies de creaci\u00f3n de perfiles:<\/strong> requieren el consentimiento del usuario. Se utilizan para crear perfiles de usuario y enviar mensajes publicitarios coherentes con las preferencias manifestadas durante la navegaci\u00f3n, o para mejorar la experiencia del usuario en el Sitio. <\/li><\/ul>\t\t\t\t\t\t\t\t<\/div>\n\t\t\t\t<\/div>\n\t\t\t\t\t<\/div>\n\t\t\t\t<\/div>\n\t\t<div class=\"elementor-element elementor-element-3d29c00 e-flex e-con-boxed e-con e-parent\" data-id=\"3d29c00\" data-element_type=\"container\">\n\t\t\t\t\t<div class=\"e-con-inner\">\n\t\t\t\t<div class=\"elementor-element elementor-element-1183443 elementor-widget elementor-widget-heading\" data-id=\"1183443\" data-element_type=\"widget\" data-widget_type=\"heading.default\">\n\t\t\t\t<div class=\"elementor-widget-container\">\n\t\t\t\t\t<h2 class=\"elementor-heading-title elementor-size-default\">Gesti\u00f3n de cookies mediante herramientas de consentimiento o ajustes del navegador\n<\/h2>\t\t\t\t<\/div>\n\t\t\t\t<\/div>\n\t\t\t\t<div class=\"elementor-element elementor-element-57fcefd elementor-widget elementor-widget-text-editor\" data-id=\"57fcefd\" data-element_type=\"widget\" data-widget_type=\"text-editor.default\">\n\t\t\t\t<div class=\"elementor-widget-container\">\n\t\t\t\t\t\t\t\t\t<p>El usuario puede seleccionar sus preferencias relativas a las cookies haciendo clic en el bot\u00f3n \u00abAjustes\u00bb en el banner que aparece al acceder por primera vez al Sitio. Posteriormente, las preferencias se pueden actualizar en cualquier momento a trav\u00e9s del siguiente enlace: <strong>Preferencias de cookies.<\/strong> <\/p><p>Alternativamente, es posible modificar la configuraci\u00f3n directamente desde el navegador utilizado para la navegaci\u00f3n. A continuaci\u00f3n, los navegadores m\u00e1s utilizados: <\/p><ul><li>Chrome<\/li><li>Edge<\/li><li>Firefox<\/li><li>Safari<\/li><\/ul><p>Si utiliza dispositivos m\u00f3viles, le recomendamos que consulte el manual del dispositivo para saber c\u00f3mo gestionar las cookies.<\/p><p>La mayor\u00eda de los navegadores permiten ver las cookies presentes en el dispositivo, bloquear todas las cookies o recibir un aviso antes de su instalaci\u00f3n. Sin embargo, el hecho de no utilizar cookies puede comprometer el funcionamiento de algunas \u00e1reas del Sitio. <\/p><p class=\"p1\">Para obtener m\u00e1s informaci\u00f3n sobre el tratamiento de datos personales, consulte la<a href=\"https:\/\/www.cuttingedgeam.com\/es\/politica-de-privacidad\/\" target=\"_blank\" rel=\"noopener\"> Pol\u00edtica de privacidad.<\/a><\/p>\t\t\t\t\t\t\t\t<\/div>\n\t\t\t\t<\/div>\n\t\t\t\t\t<\/div>\n\t\t\t\t<\/div>\n\t\t\t\t<\/div>\n\t\t","protected":false},"excerpt":{"rendered":"<p>La presente Pol\u00edtica de cookies proporciona informaci\u00f3n a los usuarios sobre el uso de las cookies y\/o las tecnolog\u00edas de supervisi\u00f3n por parte del sitio web https:\/\/www.cuttingedgeam.com (en adelante, el \u201cSitio\u201d). El Responsable del tratamiento de los datos personales recopilados mediante el Sitio es CUTTING EDGE AUTOMATION MACHINES S.p.A., con sede legal en Piazza Antonio [&hellip;]<\/p>\n","protected":false},"author":1,"featured_media":0,"parent":0,"menu_order":0,"comment_status":"closed","ping_status":"closed","template":"","meta":{"footnotes":""},"class_list":["post-2126","page","type-page","status-publish","hentry"],"yoast_head":"<!-- This site is optimized with the Yoast SEO plugin v26.8 - https:\/\/yoast.com\/product\/yoast-seo-wordpress\/ -->\n<title>Pol\u00edtica de cookies - Cutting Edge Automation Machines<\/title>\n<meta name=\"robots\" content=\"index, follow, max-snippet:-1, max-image-preview:large, max-video-preview:-1\" \/>\n<link rel=\"canonical\" href=\"https:\/\/www.cuttingedgeam.com\/es\/politica-de-cookies\/\" \/>\n<meta property=\"og:locale\" content=\"es_ES\" \/>\n<meta property=\"og:type\" content=\"article\" \/>\n<meta property=\"og:title\" content=\"Pol\u00edtica de cookies - Cutting Edge Automation Machines\" \/>\n<meta property=\"og:description\" content=\"La presente Pol\u00edtica de cookies proporciona informaci\u00f3n a los usuarios sobre el uso de las cookies y\/o las tecnolog\u00edas de supervisi\u00f3n por parte del sitio web https:\/\/www.cuttingedgeam.com (en adelante, el \u201cSitio\u201d). El Responsable del tratamiento de los datos personales recopilados mediante el Sitio es CUTTING EDGE AUTOMATION MACHINES S.p.A., con sede legal en Piazza Antonio [&hellip;]\" \/>\n<meta property=\"og:url\" content=\"https:\/\/www.cuttingedgeam.com\/es\/politica-de-cookies\/\" \/>\n<meta property=\"og:site_name\" content=\"Cutting Edge Automation Machines\" \/>\n<meta property=\"article:modified_time\" content=\"2025-08-14T14:37:41+00:00\" \/>\n<meta property=\"og:image\" content=\"https:\/\/www.cuttingedgeam.com\/wp-content\/uploads\/2025\/02\/foto-azienda-1.jpg\" \/>\n\t<meta property=\"og:image:width\" content=\"1800\" \/>\n\t<meta property=\"og:image:height\" content=\"1300\" \/>\n\t<meta property=\"og:image:type\" content=\"image\/jpeg\" \/>\n<meta name=\"twitter:card\" content=\"summary_large_image\" \/>\n<meta name=\"twitter:label1\" content=\"Tiempo de lectura\" \/>\n\t<meta name=\"twitter:data1\" content=\"4 minutos\" \/>\n<script type=\"application\/ld+json\" class=\"yoast-schema-graph\">{\"@context\":\"https:\/\/schema.org\",\"@graph\":[{\"@type\":\"WebPage\",\"@id\":\"https:\/\/www.cuttingedgeam.com\/es\/politica-de-cookies\/\",\"url\":\"https:\/\/www.cuttingedgeam.com\/es\/politica-de-cookies\/\",\"name\":\"Pol\u00edtica de cookies - Cutting Edge Automation Machines\",\"isPartOf\":{\"@id\":\"https:\/\/www.cuttingedgeam.com\/es\/#website\"},\"datePublished\":\"2025-02-28T08:09:30+00:00\",\"dateModified\":\"2025-08-14T14:37:41+00:00\",\"breadcrumb\":{\"@id\":\"https:\/\/www.cuttingedgeam.com\/es\/politica-de-cookies\/#breadcrumb\"},\"inLanguage\":\"es\",\"potentialAction\":[{\"@type\":\"ReadAction\",\"target\":[\"https:\/\/www.cuttingedgeam.com\/es\/politica-de-cookies\/\"]}]},{\"@type\":\"BreadcrumbList\",\"@id\":\"https:\/\/www.cuttingedgeam.com\/es\/politica-de-cookies\/#breadcrumb\",\"itemListElement\":[{\"@type\":\"ListItem\",\"position\":1,\"name\":\"Home\",\"item\":\"https:\/\/www.cuttingedgeam.com\/es\/\"},{\"@type\":\"ListItem\",\"position\":2,\"name\":\"Pol\u00edtica de cookies\"}]},{\"@type\":\"WebSite\",\"@id\":\"https:\/\/www.cuttingedgeam.com\/es\/#website\",\"url\":\"https:\/\/www.cuttingedgeam.com\/es\/\",\"name\":\"Cutting Edge Automation Machines\",\"description\":\"\",\"publisher\":{\"@id\":\"https:\/\/www.cuttingedgeam.com\/es\/#organization\"},\"alternateName\":\"Cutting Edge AM\",\"potentialAction\":[{\"@type\":\"SearchAction\",\"target\":{\"@type\":\"EntryPoint\",\"urlTemplate\":\"https:\/\/www.cuttingedgeam.com\/es\/?s={search_term_string}\"},\"query-input\":{\"@type\":\"PropertyValueSpecification\",\"valueRequired\":true,\"valueName\":\"search_term_string\"}}],\"inLanguage\":\"es\"},{\"@type\":\"Organization\",\"@id\":\"https:\/\/www.cuttingedgeam.com\/es\/#organization\",\"name\":\"Cutting Edge Automation Machines\",\"alternateName\":\"Cutting Edge AM\",\"url\":\"https:\/\/www.cuttingedgeam.com\/es\/\",\"logo\":{\"@type\":\"ImageObject\",\"inLanguage\":\"es\",\"@id\":\"https:\/\/www.cuttingedgeam.com\/es\/#\/schema\/logo\/image\/\",\"url\":\"https:\/\/www.cuttingedgeam.com\/wp-content\/uploads\/2025\/04\/cuttingedgeam_logo.png\",\"contentUrl\":\"https:\/\/www.cuttingedgeam.com\/wp-content\/uploads\/2025\/04\/cuttingedgeam_logo.png\",\"width\":800,\"height\":375,\"caption\":\"Cutting Edge Automation Machines\"},\"image\":{\"@id\":\"https:\/\/www.cuttingedgeam.com\/es\/#\/schema\/logo\/image\/\"},\"sameAs\":[\"https:\/\/www.linkedin.com\/company\/cuttingedgeam\/\"]}]}<\/script>\n<!-- \/ Yoast SEO plugin. -->","yoast_head_json":{"title":"Pol\u00edtica de cookies - Cutting Edge Automation Machines","robots":{"index":"index","follow":"follow","max-snippet":"max-snippet:-1","max-image-preview":"max-image-preview:large","max-video-preview":"max-video-preview:-1"},"canonical":"https:\/\/www.cuttingedgeam.com\/es\/politica-de-cookies\/","og_locale":"es_ES","og_type":"article","og_title":"Pol\u00edtica de cookies - Cutting Edge Automation Machines","og_description":"La presente Pol\u00edtica de cookies proporciona informaci\u00f3n a los usuarios sobre el uso de las cookies y\/o las tecnolog\u00edas de supervisi\u00f3n por parte del sitio web https:\/\/www.cuttingedgeam.com (en adelante, el \u201cSitio\u201d). El Responsable del tratamiento de los datos personales recopilados mediante el Sitio es CUTTING EDGE AUTOMATION MACHINES S.p.A., con sede legal en Piazza Antonio [&hellip;]","og_url":"https:\/\/www.cuttingedgeam.com\/es\/politica-de-cookies\/","og_site_name":"Cutting Edge Automation Machines","article_modified_time":"2025-08-14T14:37:41+00:00","og_image":[{"width":1800,"height":1300,"url":"https:\/\/www.cuttingedgeam.com\/wp-content\/uploads\/2025\/02\/foto-azienda-1.jpg","type":"image\/jpeg"}],"twitter_card":"summary_large_image","twitter_misc":{"Tiempo de lectura":"4 minutos"},"schema":{"@context":"https:\/\/schema.org","@graph":[{"@type":"WebPage","@id":"https:\/\/www.cuttingedgeam.com\/es\/politica-de-cookies\/","url":"https:\/\/www.cuttingedgeam.com\/es\/politica-de-cookies\/","name":"Pol\u00edtica de cookies - Cutting Edge Automation Machines","isPartOf":{"@id":"https:\/\/www.cuttingedgeam.com\/es\/#website"},"datePublished":"2025-02-28T08:09:30+00:00","dateModified":"2025-08-14T14:37:41+00:00","breadcrumb":{"@id":"https:\/\/www.cuttingedgeam.com\/es\/politica-de-cookies\/#breadcrumb"},"inLanguage":"es","potentialAction":[{"@type":"ReadAction","target":["https:\/\/www.cuttingedgeam.com\/es\/politica-de-cookies\/"]}]},{"@type":"BreadcrumbList","@id":"https:\/\/www.cuttingedgeam.com\/es\/politica-de-cookies\/#breadcrumb","itemListElement":[{"@type":"ListItem","position":1,"name":"Home","item":"https:\/\/www.cuttingedgeam.com\/es\/"},{"@type":"ListItem","position":2,"name":"Pol\u00edtica de cookies"}]},{"@type":"WebSite","@id":"https:\/\/www.cuttingedgeam.com\/es\/#website","url":"https:\/\/www.cuttingedgeam.com\/es\/","name":"Cutting Edge Automation Machines","description":"","publisher":{"@id":"https:\/\/www.cuttingedgeam.com\/es\/#organization"},"alternateName":"Cutting Edge AM","potentialAction":[{"@type":"SearchAction","target":{"@type":"EntryPoint","urlTemplate":"https:\/\/www.cuttingedgeam.com\/es\/?s={search_term_string}"},"query-input":{"@type":"PropertyValueSpecification","valueRequired":true,"valueName":"search_term_string"}}],"inLanguage":"es"},{"@type":"Organization","@id":"https:\/\/www.cuttingedgeam.com\/es\/#organization","name":"Cutting Edge Automation Machines","alternateName":"Cutting Edge AM","url":"https:\/\/www.cuttingedgeam.com\/es\/","logo":{"@type":"ImageObject","inLanguage":"es","@id":"https:\/\/www.cuttingedgeam.com\/es\/#\/schema\/logo\/image\/","url":"https:\/\/www.cuttingedgeam.com\/wp-content\/uploads\/2025\/04\/cuttingedgeam_logo.png","contentUrl":"https:\/\/www.cuttingedgeam.com\/wp-content\/uploads\/2025\/04\/cuttingedgeam_logo.png","width":800,"height":375,"caption":"Cutting Edge Automation Machines"},"image":{"@id":"https:\/\/www.cuttingedgeam.com\/es\/#\/schema\/logo\/image\/"},"sameAs":["https:\/\/www.linkedin.com\/company\/cuttingedgeam\/"]}]}},"_links":{"self":[{"href":"https:\/\/www.cuttingedgeam.com\/es\/wp-json\/wp\/v2\/pages\/2126","targetHints":{"allow":["GET"]}}],"collection":[{"href":"https:\/\/www.cuttingedgeam.com\/es\/wp-json\/wp\/v2\/pages"}],"about":[{"href":"https:\/\/www.cuttingedgeam.com\/es\/wp-json\/wp\/v2\/types\/page"}],"author":[{"embeddable":true,"href":"https:\/\/www.cuttingedgeam.com\/es\/wp-json\/wp\/v2\/users\/1"}],"replies":[{"embeddable":true,"href":"https:\/\/www.cuttingedgeam.com\/es\/wp-json\/wp\/v2\/comments?post=2126"}],"version-history":[{"count":0,"href":"https:\/\/www.cuttingedgeam.com\/es\/wp-json\/wp\/v2\/pages\/2126\/revisions"}],"wp:attachment":[{"href":"https:\/\/www.cuttingedgeam.com\/es\/wp-json\/wp\/v2\/media?parent=2126"}],"curies":[{"name":"wp","href":"https:\/\/api.w.org\/{rel}","templated":true}]}}