{"id":2125,"date":"2025-02-27T18:08:04","date_gmt":"2025-02-27T17:08:04","guid":{"rendered":"https:\/\/www.cuttingedgeam.com\/contactos\/"},"modified":"2026-04-07T11:53:28","modified_gmt":"2026-04-07T09:53:28","slug":"contactos","status":"publish","type":"page","link":"https:\/\/www.cuttingedgeam.com\/es\/contactos\/","title":{"rendered":"Contactos"},"content":{"rendered":"\t\t<div data-elementor-type=\"wp-page\" data-elementor-id=\"2125\" class=\"elementor elementor-2125 elementor-621\" data-elementor-post-type=\"page\">\n\t\t\t\t<div class=\"elementor-element elementor-element-3ae1bf0 e-flex e-con-boxed e-con e-parent\" data-id=\"3ae1bf0\" data-element_type=\"container\" data-settings=\"{&quot;background_background&quot;:&quot;classic&quot;,&quot;animation&quot;:&quot;none&quot;}\">\n\t\t\t\t\t<div class=\"e-con-inner\">\n\t\t\t\t<div class=\"elementor-element elementor-element-0550948 animate-header elementor-widget elementor-widget-heading\" data-id=\"0550948\" data-element_type=\"widget\" data-widget_type=\"heading.default\">\n\t\t\t\t<div class=\"elementor-widget-container\">\n\t\t\t\t\t<h1 class=\"elementor-heading-title elementor-size-default\">Contactos<\/h1>\t\t\t\t<\/div>\n\t\t\t\t<\/div>\n\t\t\t\t\t<\/div>\n\t\t\t\t<\/div>\n\t\t<div class=\"elementor-element elementor-element-3ef6478 e-flex e-con-boxed e-con e-parent\" data-id=\"3ef6478\" data-element_type=\"container\">\n\t\t\t\t\t<div class=\"e-con-inner\">\n\t\t<div class=\"elementor-element elementor-element-af26d0b e-con-full e-flex e-con e-child\" data-id=\"af26d0b\" data-element_type=\"container\">\n\t\t\t\t<div class=\"elementor-element elementor-element-16e4b03 elementor-widget elementor-widget-heading\" data-id=\"16e4b03\" data-element_type=\"widget\" data-widget_type=\"heading.default\">\n\t\t\t\t<div class=\"elementor-widget-container\">\n\t\t\t\t\t<h3 class=\"elementor-heading-title elementor-size-default\">Tel\u00e9fono<\/h3>\t\t\t\t<\/div>\n\t\t\t\t<\/div>\n\t\t\t\t<div class=\"elementor-element elementor-element-e52254f elementor-widget elementor-widget-heading\" data-id=\"e52254f\" data-element_type=\"widget\" data-widget_type=\"heading.default\">\n\t\t\t\t<div class=\"elementor-widget-container\">\n\t\t\t\t\t<span class=\"elementor-heading-title elementor-size-default\"><a href=\"tel:00390759306500\">+39 075 930 6500<\/a><\/span>\t\t\t\t<\/div>\n\t\t\t\t<\/div>\n\t\t\t\t<div class=\"elementor-element elementor-element-af7c717 elementor-widget elementor-widget-heading\" data-id=\"af7c717\" data-element_type=\"widget\" data-widget_type=\"heading.default\">\n\t\t\t\t<div class=\"elementor-widget-container\">\n\t\t\t\t\t<span class=\"elementor-heading-title elementor-size-default\"><a href=\"tel:00393451533446\">+39 345 15 33 446\u200b<\/a><\/span>\t\t\t\t<\/div>\n\t\t\t\t<\/div>\n\t\t\t\t<\/div>\n\t\t<div class=\"elementor-element elementor-element-ebdf24f e-con-full e-flex e-con e-child\" data-id=\"ebdf24f\" data-element_type=\"container\">\n\t\t\t\t<div class=\"elementor-element elementor-element-2064d72 elementor-widget elementor-widget-heading\" data-id=\"2064d72\" data-element_type=\"widget\" data-widget_type=\"heading.default\">\n\t\t\t\t<div class=\"elementor-widget-container\">\n\t\t\t\t\t<h3 class=\"elementor-heading-title elementor-size-default\">Correo electr\u00f3nico<\/h3>\t\t\t\t<\/div>\n\t\t\t\t<\/div>\n\t\t\t\t<div class=\"elementor-element elementor-element-6a01d9f elementor-widget elementor-widget-heading\" data-id=\"6a01d9f\" data-element_type=\"widget\" data-widget_type=\"heading.default\">\n\t\t\t\t<div class=\"elementor-widget-container\">\n\t\t\t\t\t<span class=\"elementor-heading-title elementor-size-default\"><a href=\"mailto:info@cuttingedgeam.com\">info@cuttingedgeam.com<\/a><\/span>\t\t\t\t<\/div>\n\t\t\t\t<\/div>\n\t\t\t\t<div class=\"elementor-element elementor-element-b189233 elementor-widget elementor-widget-heading\" data-id=\"b189233\" data-element_type=\"widget\" data-widget_type=\"heading.default\">\n\t\t\t\t<div class=\"elementor-widget-container\">\n\t\t\t\t\t<span class=\"elementor-heading-title elementor-size-default\"><a href=\"mailto:sales@cuttingedgeam.com\">sales@cuttingedgeam.com<\/a><\/span>\t\t\t\t<\/div>\n\t\t\t\t<\/div>\n\t\t\t\t<\/div>\n\t\t<div class=\"elementor-element elementor-element-b51eebe e-con-full e-flex e-con e-child\" data-id=\"b51eebe\" data-element_type=\"container\">\n\t\t\t\t<div class=\"elementor-element elementor-element-b786e87 elementor-widget elementor-widget-heading\" data-id=\"b786e87\" data-element_type=\"widget\" data-widget_type=\"heading.default\">\n\t\t\t\t<div class=\"elementor-widget-container\">\n\t\t\t\t\t<h3 class=\"elementor-heading-title elementor-size-default\">Direcci\u00f3n<\/h3>\t\t\t\t<\/div>\n\t\t\t\t<\/div>\n\t\t\t\t<div class=\"elementor-element elementor-element-bae0c02 elementor-widget elementor-widget-heading\" data-id=\"bae0c02\" data-element_type=\"widget\" data-widget_type=\"heading.default\">\n\t\t\t\t<div class=\"elementor-widget-container\">\n\t\t\t\t\t<span class=\"elementor-heading-title elementor-size-default\"><a href=\"https:\/\/www.google.it\/maps\/place\/Piazza+Antonio+Meucci,+1,+06019+Umbertide+PG\/@43.3503345,12.2843873,17z\/data=!3m1!4b1!4m6!3m5!1s0x132c118f1a992c97:0x7bedec320167e0ba!8m2!3d43.3503306!4d12.2869622!16s%2Fg%2F11gy1ph5x9?entry=ttu&#038;g_ep=EgoyMDI1MDIyNC4wIKXMDSoASAFQAw%3D%3D\" target=\"_blank\">Piazza Antonio Meucci, 1 Loc.\nMontecastelli 06019 Umbertide (PG) - Italy<\/a><\/span>\t\t\t\t<\/div>\n\t\t\t\t<\/div>\n\t\t\t\t<\/div>\n\t\t\t\t\t<\/div>\n\t\t\t\t<\/div>\n\t\t<div class=\"elementor-element elementor-element-6ff47b7b e-flex e-con-boxed e-con e-parent\" data-id=\"6ff47b7b\" data-element_type=\"container\">\n\t\t\t\t\t<div class=\"e-con-inner\">\n\t\t<div class=\"elementor-element elementor-element-6b206dd3 e-con-full e-flex e-con e-child\" data-id=\"6b206dd3\" data-element_type=\"container\">\n\t\t\t\t<div class=\"elementor-element elementor-element-4ec5f678 elementor-widget elementor-widget-heading\" data-id=\"4ec5f678\" data-element_type=\"widget\" data-widget_type=\"heading.default\">\n\t\t\t\t<div class=\"elementor-widget-container\">\n\t\t\t\t\t<h4 class=\"elementor-heading-title elementor-size-default\">Rellena el formulario y env\u00edanos tu solicitud<\/h4>\t\t\t\t<\/div>\n\t\t\t\t<\/div>\n\t\t\t\t<div class=\"elementor-element elementor-element-71f08c9f elementor-widget elementor-widget-html\" data-id=\"71f08c9f\" data-element_type=\"widget\" data-widget_type=\"html.default\">\n\t\t\t\t<div class=\"elementor-widget-container\">\n\t\t\t\t\t<script src=\"https:\/\/js.hsforms.net\/forms\/embed\/7956756.js\" defer><\/script>\r\n<div class=\"hs-form-frame\" data-region=\"na1\" data-form-id=\"3d34920d-b5fd-4339-9100-03d53d195c43\" data-portal-id=\"7956756\"><\/div>\t\t\t\t<\/div>\n\t\t\t\t<\/div>\n\t\t\t\t<\/div>\n\t\t<div class=\"elementor-element elementor-element-cd3e682 e-con-full e-flex e-con e-child\" data-id=\"cd3e682\" data-element_type=\"container\">\n\t\t<div class=\"elementor-element elementor-element-b2dbceb e-con-full e-flex e-con e-child\" data-id=\"b2dbceb\" data-element_type=\"container\" data-settings=\"{&quot;background_background&quot;:&quot;classic&quot;}\">\n\t\t<div class=\"elementor-element elementor-element-9c5695c e-con-full e-flex e-con e-child\" data-id=\"9c5695c\" data-element_type=\"container\">\n\t\t\t\t<div class=\"elementor-element elementor-element-8b4c9f4 elementor-widget elementor-widget-heading\" data-id=\"8b4c9f4\" data-element_type=\"widget\" data-widget_type=\"heading.default\">\n\t\t\t\t<div class=\"elementor-widget-container\">\n\t\t\t\t\t<h5 class=\"elementor-heading-title elementor-size-default\">Contactar por Whatsapp<\/h5>\t\t\t\t<\/div>\n\t\t\t\t<\/div>\n\t\t\t\t<div class=\"elementor-element elementor-element-ff7ec5d elementor-widget elementor-widget-heading\" data-id=\"ff7ec5d\" data-element_type=\"widget\" data-widget_type=\"heading.default\">\n\t\t\t\t<div class=\"elementor-widget-container\">\n\t\t\t\t\t<h2 class=\"elementor-heading-title elementor-size-default\">+39 345 15 33 446<\/h2>\t\t\t\t<\/div>\n\t\t\t\t<\/div>\n\t\t\t\t<\/div>\n\t\t<div class=\"elementor-element elementor-element-107740c e-con-full e-flex e-con e-child\" data-id=\"107740c\" data-element_type=\"container\">\n\t\t\t\t<div class=\"elementor-element elementor-element-f850582 elementor-align-right elementor-mobile-align-left elementor-widget elementor-widget-button\" data-id=\"f850582\" data-element_type=\"widget\" data-widget_type=\"button.default\">\n\t\t\t\t<div class=\"elementor-widget-container\">\n\t\t\t\t\t\t\t\t\t<div class=\"elementor-button-wrapper\">\n\t\t\t\t\t<a class=\"elementor-button elementor-button-link elementor-size-sm\" href=\"https:\/\/wa.me\/393451533446\" target=\"_blank\">\n\t\t\t\t\t\t<span class=\"elementor-button-content-wrapper\">\n\t\t\t\t\t\t\t\t\t<span class=\"elementor-button-text\">Enviar un mensaje<\/span>\n\t\t\t\t\t<\/span>\n\t\t\t\t\t<\/a>\n\t\t\t\t<\/div>\n\t\t\t\t\t\t\t\t<\/div>\n\t\t\t\t<\/div>\n\t\t\t\t<\/div>\n\t\t\t\t<\/div>\n\t\t\t\t<div class=\"elementor-element elementor-element-1df0dfe elementor-widget elementor-widget-text-editor\" data-id=\"1df0dfe\" data-element_type=\"widget\" data-widget_type=\"text-editor.default\">\n\t\t\t\t<div class=\"elementor-widget-container\">\n\t\t\t\t\t\t\t\t\t<p>Estamos aqu\u00ed para ayudarle a descubrir c\u00f3mo nuestras tecnolog\u00edas pueden integrarse en su producci\u00f3n. Si tiene preguntas, solicitudes, necesidades o simplemente desea obtener m\u00e1s informaci\u00f3n, \u00a1p\u00f3ngase en contacto con nosotros! \u00a1Uno de nuestros expertos estar\u00e1 a su disposici\u00f3n!  <\/p>\t\t\t\t\t\t\t\t<\/div>\n\t\t\t\t<\/div>\n\t\t<div class=\"elementor-element elementor-element-1a56f3f e-con-full e-flex e-con e-child\" data-id=\"1a56f3f\" data-element_type=\"container\">\n\t\t<div class=\"elementor-element elementor-element-067ff40 e-con-full e-flex e-con e-child\" data-id=\"067ff40\" data-element_type=\"container\">\n\t\t\t\t<div class=\"elementor-element elementor-element-17e4101 elementor-widget elementor-widget-heading\" data-id=\"17e4101\" data-element_type=\"widget\" data-widget_type=\"heading.default\">\n\t\t\t\t<div class=\"elementor-widget-container\">\n\t\t\t\t\t<h4 class=\"elementor-heading-title elementor-size-default\">Sede<\/h4>\t\t\t\t<\/div>\n\t\t\t\t<\/div>\n\t\t\t\t<\/div>\n\t\t<div class=\"elementor-element elementor-element-e47adbe e-con-full e-flex e-con e-child\" data-id=\"e47adbe\" data-element_type=\"container\">\n\t\t\t\t<div class=\"elementor-element elementor-element-6f4d853 elementor-widget elementor-widget-text-editor\" data-id=\"6f4d853\" data-element_type=\"widget\" data-widget_type=\"text-editor.default\">\n\t\t\t\t<div class=\"elementor-widget-container\">\n\t\t\t\t\t\t\t\t\t<p>Piazza Antonio Meucci, 1 Loc.<br>Montecastelli 06019 Umbertide (PG) &#8211; Italy<\/p>\t\t\t\t\t\t\t\t<\/div>\n\t\t\t\t<\/div>\n\t\t\t\t<\/div>\n\t\t\t\t<\/div>\n\t\t<div class=\"elementor-element elementor-element-34c7bf7 e-con-full e-flex e-con e-child\" data-id=\"34c7bf7\" data-element_type=\"container\">\n\t\t<div class=\"elementor-element elementor-element-2bda50e e-con-full e-flex e-con e-child\" data-id=\"2bda50e\" data-element_type=\"container\">\n\t\t\t\t<div class=\"elementor-element elementor-element-d5dc8f9 elementor-widget elementor-widget-heading\" data-id=\"d5dc8f9\" data-element_type=\"widget\" data-widget_type=\"heading.default\">\n\t\t\t\t<div class=\"elementor-widget-container\">\n\t\t\t\t\t<h4 class=\"elementor-heading-title elementor-size-default\">Contactos<\/h4>\t\t\t\t<\/div>\n\t\t\t\t<\/div>\n\t\t\t\t<\/div>\n\t\t<div class=\"elementor-element elementor-element-367a499 e-con-full e-flex e-con e-child\" data-id=\"367a499\" data-element_type=\"container\">\n\t\t\t\t<div class=\"elementor-element elementor-element-6c58de5 elementor-widget elementor-widget-heading\" data-id=\"6c58de5\" data-element_type=\"widget\" data-widget_type=\"heading.default\">\n\t\t\t\t<div class=\"elementor-widget-container\">\n\t\t\t\t\t<span class=\"elementor-heading-title elementor-size-default\"><a href=\"tel:00390759306500\">+39 075 930 6500<\/a><\/span>\t\t\t\t<\/div>\n\t\t\t\t<\/div>\n\t\t\t\t<div class=\"elementor-element elementor-element-45736d9 elementor-widget elementor-widget-heading\" data-id=\"45736d9\" data-element_type=\"widget\" data-widget_type=\"heading.default\">\n\t\t\t\t<div class=\"elementor-widget-container\">\n\t\t\t\t\t<span class=\"elementor-heading-title elementor-size-default\"><a href=\"mailto:info@cuttingedgeam.com\">info@cuttingedgeam.com<\/a><\/span>\t\t\t\t<\/div>\n\t\t\t\t<\/div>\n\t\t\t\t<div class=\"elementor-element elementor-element-e3aae48 elementor-widget elementor-widget-heading\" data-id=\"e3aae48\" data-element_type=\"widget\" data-widget_type=\"heading.default\">\n\t\t\t\t<div class=\"elementor-widget-container\">\n\t\t\t\t\t<span class=\"elementor-heading-title elementor-size-default\"><a href=\"mailto:sales@cuttingedgeam.com\">sales@cuttingedgeam.com<\/a><\/span>\t\t\t\t<\/div>\n\t\t\t\t<\/div>\n\t\t\t\t<\/div>\n\t\t\t\t<\/div>\n\t\t\t\t<\/div>\n\t\t\t\t\t<\/div>\n\t\t\t\t<\/div>\n\t\t<div class=\"elementor-element elementor-element-3e5a61a e-flex e-con-boxed e-con e-parent\" data-id=\"3e5a61a\" data-element_type=\"container\">\n\t\t\t\t\t<div class=\"e-con-inner\">\n\t\t\t\t<div class=\"elementor-element elementor-element-384980b elementor-widget elementor-widget-google_maps\" data-id=\"384980b\" data-element_type=\"widget\" data-widget_type=\"google_maps.default\">\n\t\t\t\t<div class=\"elementor-widget-container\">\n\t\t\t\t\t\t\t<div class=\"elementor-custom-embed\">\n\t\t\t<iframe loading=\"lazy\"\n\t\t\t\t\tsrc=\"https:\/\/maps.google.com\/maps?q=Piazza%20Antonio%20Meucci%2C%201%20Loc.%20Montecastelli%2006019%20Umbertide%20%28PG%29%20-%20Italy%E2%80%8B&#038;t=m&#038;z=15&#038;output=embed&#038;iwloc=near\"\n\t\t\t\t\ttitle=\"Piazza Antonio Meucci, 1 Loc. Montecastelli 06019 Umbertide (PG) - Italy\u200b\"\n\t\t\t\t\taria-label=\"Piazza Antonio Meucci, 1 Loc. Montecastelli 06019 Umbertide (PG) - Italy\u200b\"\n\t\t\t><\/iframe>\n\t\t<\/div>\n\t\t\t\t\t\t<\/div>\n\t\t\t\t<\/div>\n\t\t\t\t\t<\/div>\n\t\t\t\t<\/div>\n\t\t<div class=\"elementor-element elementor-element-ec59ee7 e-flex e-con-boxed e-con e-parent\" data-id=\"ec59ee7\" data-element_type=\"container\" data-settings=\"{&quot;background_background&quot;:&quot;classic&quot;}\">\n\t\t\t\t\t<div class=\"e-con-inner\">\n\t\t\t\t\t<\/div>\n\t\t\t\t<\/div>\n\t\t\t\t<\/div>\n\t\t","protected":false},"excerpt":{"rendered":"<p>Contactos Tel\u00e9fono +39 075 930 6500 +39 345 15 33 446\u200b Correo electr\u00f3nico info@cuttingedgeam.com sales@cuttingedgeam.com Direcci\u00f3n Piazza Antonio Meucci, 1 Loc. Montecastelli 06019 Umbertide (PG) &#8211; Italy Rellena el formulario y env\u00edanos tu solicitud Contactar por Whatsapp +39 345 15 33 446 Enviar un mensaje Estamos aqu\u00ed para ayudarle a descubrir c\u00f3mo nuestras tecnolog\u00edas pueden [&hellip;]<\/p>\n","protected":false},"author":1,"featured_media":0,"parent":0,"menu_order":0,"comment_status":"closed","ping_status":"closed","template":"","meta":{"footnotes":""},"class_list":["post-2125","page","type-page","status-publish","hentry"],"yoast_head":"<!-- This site is optimized with the Yoast SEO plugin v26.8 - https:\/\/yoast.com\/product\/yoast-seo-wordpress\/ -->\n<title>Contactos - Cutting Edge Automation Machines<\/title>\n<meta name=\"robots\" content=\"index, follow, max-snippet:-1, max-image-preview:large, max-video-preview:-1\" \/>\n<link rel=\"canonical\" href=\"https:\/\/www.cuttingedgeam.com\/es\/contactos\/\" \/>\n<meta property=\"og:locale\" content=\"es_ES\" \/>\n<meta property=\"og:type\" content=\"article\" \/>\n<meta property=\"og:title\" content=\"Contactos - Cutting Edge Automation Machines\" \/>\n<meta property=\"og:description\" content=\"Contactos Tel\u00e9fono +39 075 930 6500 +39 345 15 33 446\u200b Correo electr\u00f3nico info@cuttingedgeam.com sales@cuttingedgeam.com Direcci\u00f3n Piazza Antonio Meucci, 1 Loc. Montecastelli 06019 Umbertide (PG) &#8211; Italy Rellena el formulario y env\u00edanos tu solicitud Contactar por Whatsapp +39 345 15 33 446 Enviar un mensaje Estamos aqu\u00ed para ayudarle a descubrir c\u00f3mo nuestras tecnolog\u00edas pueden [&hellip;]\" \/>\n<meta property=\"og:url\" content=\"https:\/\/www.cuttingedgeam.com\/es\/contactos\/\" \/>\n<meta property=\"og:site_name\" content=\"Cutting Edge Automation Machines\" \/>\n<meta property=\"article:modified_time\" content=\"2026-04-07T09:53:28+00:00\" \/>\n<meta property=\"og:image\" content=\"https:\/\/www.cuttingedgeam.com\/wp-content\/uploads\/2025\/02\/foto-azienda-1.jpg\" \/>\n\t<meta property=\"og:image:width\" content=\"1800\" \/>\n\t<meta property=\"og:image:height\" content=\"1300\" \/>\n\t<meta property=\"og:image:type\" content=\"image\/jpeg\" \/>\n<meta name=\"twitter:card\" content=\"summary_large_image\" \/>\n<meta name=\"twitter:label1\" content=\"Tiempo de lectura\" \/>\n\t<meta name=\"twitter:data1\" content=\"1 minuto\" \/>\n<script type=\"application\/ld+json\" class=\"yoast-schema-graph\">{\"@context\":\"https:\/\/schema.org\",\"@graph\":[{\"@type\":\"WebPage\",\"@id\":\"https:\/\/www.cuttingedgeam.com\/es\/contactos\/\",\"url\":\"https:\/\/www.cuttingedgeam.com\/es\/contactos\/\",\"name\":\"Contactos - Cutting Edge Automation Machines\",\"isPartOf\":{\"@id\":\"https:\/\/www.cuttingedgeam.com\/es\/#website\"},\"datePublished\":\"2025-02-27T17:08:04+00:00\",\"dateModified\":\"2026-04-07T09:53:28+00:00\",\"breadcrumb\":{\"@id\":\"https:\/\/www.cuttingedgeam.com\/es\/contactos\/#breadcrumb\"},\"inLanguage\":\"es\",\"potentialAction\":[{\"@type\":\"ReadAction\",\"target\":[\"https:\/\/www.cuttingedgeam.com\/es\/contactos\/\"]}]},{\"@type\":\"BreadcrumbList\",\"@id\":\"https:\/\/www.cuttingedgeam.com\/es\/contactos\/#breadcrumb\",\"itemListElement\":[{\"@type\":\"ListItem\",\"position\":1,\"name\":\"Home\",\"item\":\"https:\/\/www.cuttingedgeam.com\/es\/\"},{\"@type\":\"ListItem\",\"position\":2,\"name\":\"Contactos\"}]},{\"@type\":\"WebSite\",\"@id\":\"https:\/\/www.cuttingedgeam.com\/es\/#website\",\"url\":\"https:\/\/www.cuttingedgeam.com\/es\/\",\"name\":\"Cutting Edge Automation Machines\",\"description\":\"\",\"publisher\":{\"@id\":\"https:\/\/www.cuttingedgeam.com\/es\/#organization\"},\"alternateName\":\"Cutting Edge AM\",\"potentialAction\":[{\"@type\":\"SearchAction\",\"target\":{\"@type\":\"EntryPoint\",\"urlTemplate\":\"https:\/\/www.cuttingedgeam.com\/es\/?s={search_term_string}\"},\"query-input\":{\"@type\":\"PropertyValueSpecification\",\"valueRequired\":true,\"valueName\":\"search_term_string\"}}],\"inLanguage\":\"es\"},{\"@type\":\"Organization\",\"@id\":\"https:\/\/www.cuttingedgeam.com\/es\/#organization\",\"name\":\"Cutting Edge Automation Machines\",\"alternateName\":\"Cutting Edge AM\",\"url\":\"https:\/\/www.cuttingedgeam.com\/es\/\",\"logo\":{\"@type\":\"ImageObject\",\"inLanguage\":\"es\",\"@id\":\"https:\/\/www.cuttingedgeam.com\/es\/#\/schema\/logo\/image\/\",\"url\":\"https:\/\/www.cuttingedgeam.com\/wp-content\/uploads\/2025\/04\/cuttingedgeam_logo.png\",\"contentUrl\":\"https:\/\/www.cuttingedgeam.com\/wp-content\/uploads\/2025\/04\/cuttingedgeam_logo.png\",\"width\":800,\"height\":375,\"caption\":\"Cutting Edge Automation Machines\"},\"image\":{\"@id\":\"https:\/\/www.cuttingedgeam.com\/es\/#\/schema\/logo\/image\/\"},\"sameAs\":[\"https:\/\/www.linkedin.com\/company\/cuttingedgeam\/\"]}]}<\/script>\n<!-- \/ Yoast SEO plugin. -->","yoast_head_json":{"title":"Contactos - Cutting Edge Automation Machines","robots":{"index":"index","follow":"follow","max-snippet":"max-snippet:-1","max-image-preview":"max-image-preview:large","max-video-preview":"max-video-preview:-1"},"canonical":"https:\/\/www.cuttingedgeam.com\/es\/contactos\/","og_locale":"es_ES","og_type":"article","og_title":"Contactos - Cutting Edge Automation Machines","og_description":"Contactos Tel\u00e9fono +39 075 930 6500 +39 345 15 33 446\u200b Correo electr\u00f3nico info@cuttingedgeam.com sales@cuttingedgeam.com Direcci\u00f3n Piazza Antonio Meucci, 1 Loc. Montecastelli 06019 Umbertide (PG) &#8211; Italy Rellena el formulario y env\u00edanos tu solicitud Contactar por Whatsapp +39 345 15 33 446 Enviar un mensaje Estamos aqu\u00ed para ayudarle a descubrir c\u00f3mo nuestras tecnolog\u00edas pueden [&hellip;]","og_url":"https:\/\/www.cuttingedgeam.com\/es\/contactos\/","og_site_name":"Cutting Edge Automation Machines","article_modified_time":"2026-04-07T09:53:28+00:00","og_image":[{"width":1800,"height":1300,"url":"https:\/\/www.cuttingedgeam.com\/wp-content\/uploads\/2025\/02\/foto-azienda-1.jpg","type":"image\/jpeg"}],"twitter_card":"summary_large_image","twitter_misc":{"Tiempo de lectura":"1 minuto"},"schema":{"@context":"https:\/\/schema.org","@graph":[{"@type":"WebPage","@id":"https:\/\/www.cuttingedgeam.com\/es\/contactos\/","url":"https:\/\/www.cuttingedgeam.com\/es\/contactos\/","name":"Contactos - Cutting Edge Automation Machines","isPartOf":{"@id":"https:\/\/www.cuttingedgeam.com\/es\/#website"},"datePublished":"2025-02-27T17:08:04+00:00","dateModified":"2026-04-07T09:53:28+00:00","breadcrumb":{"@id":"https:\/\/www.cuttingedgeam.com\/es\/contactos\/#breadcrumb"},"inLanguage":"es","potentialAction":[{"@type":"ReadAction","target":["https:\/\/www.cuttingedgeam.com\/es\/contactos\/"]}]},{"@type":"BreadcrumbList","@id":"https:\/\/www.cuttingedgeam.com\/es\/contactos\/#breadcrumb","itemListElement":[{"@type":"ListItem","position":1,"name":"Home","item":"https:\/\/www.cuttingedgeam.com\/es\/"},{"@type":"ListItem","position":2,"name":"Contactos"}]},{"@type":"WebSite","@id":"https:\/\/www.cuttingedgeam.com\/es\/#website","url":"https:\/\/www.cuttingedgeam.com\/es\/","name":"Cutting Edge Automation Machines","description":"","publisher":{"@id":"https:\/\/www.cuttingedgeam.com\/es\/#organization"},"alternateName":"Cutting Edge AM","potentialAction":[{"@type":"SearchAction","target":{"@type":"EntryPoint","urlTemplate":"https:\/\/www.cuttingedgeam.com\/es\/?s={search_term_string}"},"query-input":{"@type":"PropertyValueSpecification","valueRequired":true,"valueName":"search_term_string"}}],"inLanguage":"es"},{"@type":"Organization","@id":"https:\/\/www.cuttingedgeam.com\/es\/#organization","name":"Cutting Edge Automation Machines","alternateName":"Cutting Edge AM","url":"https:\/\/www.cuttingedgeam.com\/es\/","logo":{"@type":"ImageObject","inLanguage":"es","@id":"https:\/\/www.cuttingedgeam.com\/es\/#\/schema\/logo\/image\/","url":"https:\/\/www.cuttingedgeam.com\/wp-content\/uploads\/2025\/04\/cuttingedgeam_logo.png","contentUrl":"https:\/\/www.cuttingedgeam.com\/wp-content\/uploads\/2025\/04\/cuttingedgeam_logo.png","width":800,"height":375,"caption":"Cutting Edge Automation Machines"},"image":{"@id":"https:\/\/www.cuttingedgeam.com\/es\/#\/schema\/logo\/image\/"},"sameAs":["https:\/\/www.linkedin.com\/company\/cuttingedgeam\/"]}]}},"_links":{"self":[{"href":"https:\/\/www.cuttingedgeam.com\/es\/wp-json\/wp\/v2\/pages\/2125","targetHints":{"allow":["GET"]}}],"collection":[{"href":"https:\/\/www.cuttingedgeam.com\/es\/wp-json\/wp\/v2\/pages"}],"about":[{"href":"https:\/\/www.cuttingedgeam.com\/es\/wp-json\/wp\/v2\/types\/page"}],"author":[{"embeddable":true,"href":"https:\/\/www.cuttingedgeam.com\/es\/wp-json\/wp\/v2\/users\/1"}],"replies":[{"embeddable":true,"href":"https:\/\/www.cuttingedgeam.com\/es\/wp-json\/wp\/v2\/comments?post=2125"}],"version-history":[{"count":0,"href":"https:\/\/www.cuttingedgeam.com\/es\/wp-json\/wp\/v2\/pages\/2125\/revisions"}],"wp:attachment":[{"href":"https:\/\/www.cuttingedgeam.com\/es\/wp-json\/wp\/v2\/media?parent=2125"}],"curies":[{"name":"wp","href":"https:\/\/api.w.org\/{rel}","templated":true}]}}